

{"id":6206,"date":"2021-11-12T14:49:53","date_gmt":"2021-11-12T13:49:53","guid":{"rendered":"http:\/\/preprod.ralph-m.fr\/page-daccueil\/"},"modified":"2025-09-16T09:29:18","modified_gmt":"2025-09-16T08:29:18","slug":"home-page","status":"publish","type":"page","link":"https:\/\/www.ralph-m.fr\/en\/","title":{"rendered":"Home page"},"content":{"rendered":"\n<div class=\"wp-block-columns is-layout-flex wp-container-core-columns-is-layout-9d6595d7 wp-block-columns-is-layout-flex\" id=\"entre_nous_wrap\">\n<div class=\"wp-block-column is-layout-flow wp-block-column-is-layout-flow\">\n<h2 class=\"wp-block-heading has-text-align-right entre_nous\" id=\"ralph-m-between-the-two-of-us-it-s-all-about-comfort\">RALPH M. <br>BETWEEN THE TWO OF US, <br>IT&#8217;S ALL ABOUT COMFORT.<\/h2>\n<\/div>\n\n\n\n<div class=\"wp-block-column is-layout-flow wp-block-column-is-layout-flow\">\n<p class=\"enre_nous_p\"><strong>In its French workshop, Ralph M. creates and crafts personalisable top-quality <a href=\"https:\/\/www.ralph-m.fr\/en\/modeles\/sofas-en\/\">sofas<\/a>, <a href=\"https:\/\/www.ralph-m.fr\/en\/modeles\/armchairs-en\/\">armchairs<\/a> and <a href=\"https:\/\/www.ralph-m.fr\/en\/modeles\/coffee-tables\/\">coffee tables<\/a>. A bold challenge<\/strong><\/p>\n\n\n\n<p class=\"enre_nous_p\">Un challenge os\u00e9. Une r\u00e9ussite parfaitement ma\u00eetris\u00e9e depuis plus de <strong>And one achieved successfully for more than 30 years.<\/strong> The Ralph M. team fulfils the essential challenge of the <a href=\"https:\/\/www.ralph-m.fr\/en\/made-france-sofas\/\">Made in France label<\/a>: guaranteed quality through the ability to combine the best materials with expertise and open-minded flexibility.<\/p>\n<\/div>\n<\/div>\n\n\n\n<div class=\"wp-block-buttons bt_gris_wrap is-content-justification-space-between is-layout-flex wp-container-core-buttons-is-layout-3d213aab wp-block-buttons-is-layout-flex\">\n<div class=\"wp-block-button bt_home_gris\" id=\"bt_gris1\"><a class=\"wp-block-button__link no-border-radius wp-element-button\" href=\"https:\/\/www.ralph-m.fr\/en\/made-france-sofas\/\">MADE IN FRANCE<\/a><\/div>\n\n\n\n<div class=\"wp-block-button bt_home_gris\" id=\"bt_gris2\"><a class=\"wp-block-button__link no-border-radius wp-element-button\" href=\"https:\/\/www.ralph-m.fr\/en\/expertise\/\">EXPERTISE<\/a><\/div>\n\n\n\n<div class=\"wp-block-button bt_home_gris\" id=\"bt_gris3\"><a class=\"wp-block-button__link no-border-radius wp-element-button\" href=\"https:\/\/www.ralph-m.fr\/en\/canapes-sur-mesure-ralphm\/\">BESPOKE CREATION<\/a><\/div>\n<\/div>\n\n\n\n<div class=\"wp-block-columns is-layout-flex wp-container-core-columns-is-layout-9d6595d7 wp-block-columns-is-layout-flex\" id=\"bt_cat_large\">\n<div class=\"wp-block-column hover_op is-layout-flow wp-block-column-is-layout-flow\">\n<figure class=\"wp-block-image size-full\"><img loading=\"lazy\" decoding=\"async\" width=\"580\" height=\"360\" src=\"https:\/\/www.ralph-m.fr\/wp-content\/uploads\/2021\/11\/catalogue-1.jpg\" alt=\"\" class=\"wp-image-217097\" srcset=\"https:\/\/www.ralph-m.fr\/wp-content\/uploads\/2021\/11\/catalogue-1.jpg 580w, https:\/\/www.ralph-m.fr\/wp-content\/uploads\/2021\/11\/catalogue-1-490x304.jpg 490w\" sizes=\"auto, (max-width: 580px) 100vw, 580px\" \/><\/figure>\n\n\n\n<div class=\"wp-block-media-text alignwide bt_prdt_text bt_cat_large_text\" style=\"grid-template-columns:15% auto\"><figure class=\"wp-block-media-text__media\"><a href=\"\/?page_id=6238\"><img loading=\"lazy\" decoding=\"async\" width=\"76\" height=\"73\" src=\"https:\/\/www.ralph-m.fr\/wp-content\/uploads\/2021\/11\/picto_catalogue.png\" alt=\"\" class=\"wp-image-6321 size-full\"\/><\/a><\/figure><div class=\"wp-block-media-text__content\">\n\n<p class=\"has-text-align-left bt_cat_titre has-medium-font-size\"><a href=\"\/en\/?page_id=6238\" data-type=\"page\"><strong>RECEIVE YOUR FREE CATALOGUE<\/strong> AND FIND INSPIRATION<\/a><\/p>\n\n\n<p class=\"has-large-font-size\"><\/p>\n\n<\/div><\/div>\n<\/div>\n\n\n\n<div class=\"wp-block-column hover_op is-layout-flow wp-block-column-is-layout-flow\">\n<figure class=\"wp-block-image size-full\"><img loading=\"lazy\" decoding=\"async\" width=\"580\" height=\"360\" src=\"https:\/\/www.ralph-m.fr\/wp-content\/uploads\/2021\/11\/magasin-1.jpg\" alt=\"\" class=\"wp-image-217101\" srcset=\"https:\/\/www.ralph-m.fr\/wp-content\/uploads\/2021\/11\/magasin-1.jpg 580w, https:\/\/www.ralph-m.fr\/wp-content\/uploads\/2021\/11\/magasin-1-490x304.jpg 490w\" sizes=\"auto, (max-width: 580px) 100vw, 580px\" \/><\/figure>\n\n\n\n<div class=\"wp-block-media-text alignwide bt_prdt_text bt_cat_large_text\" style=\"grid-template-columns:15% auto\"><figure class=\"wp-block-media-text__media\"><a href=\"\/?page_id=2226\"><img loading=\"lazy\" decoding=\"async\" width=\"58\" height=\"75\" src=\"https:\/\/www.ralph-m.fr\/wp-content\/uploads\/2021\/11\/picto_magasin.png\" alt=\"\" class=\"wp-image-6322 size-full\"\/><\/a><\/figure><div class=\"wp-block-media-text__content\">\n<p class=\"has-text-align-left bt_cat_titre has-medium-font-size\"><a href=\"\/en\/?page_id=2226\" data-type=\"page\"><strong>FIND YOUR NEAREST STORE<\/strong><\/a><\/p>\n\n\n\n<p class=\"has-large-font-size\"><\/p>\n<\/div><\/div>\n<\/div>\n<\/div>\n\n\n\n<p><\/p>\n\n\n\n<div class=\"wp-block-columns is-layout-flex wp-container-core-columns-is-layout-9d6595d7 wp-block-columns-is-layout-flex\" id=\"bt_4image_wrap\">\n<div class=\"wp-block-column hover_op is-layout-flow wp-block-column-is-layout-flow\"><div class=\"wp-block-image\">\n<figure class=\"aligncenter size-full\"><img loading=\"lazy\" decoding=\"async\" width=\"270\" height=\"360\" src=\"https:\/\/www.ralph-m.fr\/wp-content\/uploads\/2024\/03\/bureau-1.jpg\" alt=\"Le bureau d'\u00e9tude Ralph M pour concevoir votre projet\" class=\"wp-image-217122\"\/><\/figure><\/div>\n\n\n<p class=\"has-text-align-center bt_prdt_text\"><a href=\"https:\/\/www.ralph-m.fr\/en\/our-design-service\/\"><strong>A project? <\/strong><br><strong>Our desi<\/strong><\/a><a href=\"https:\/\/www.ralph-m.fr\/en\/our-design-service\/\"><strong>gn office<\/strong><br><strong> makes your ideas<\/strong><br><strong> a re<\/strong><\/a><a href=\"https:\/\/www.ralph-m.fr\/en\/our-design-service\/\"><strong>ality<\/strong><\/a><\/p>\n<\/div>\n\n\n\n<div class=\"wp-block-column hover_op is-layout-flow wp-block-column-is-layout-flow\"><div class=\"wp-block-image\">\n<figure class=\"aligncenter size-full\"><img loading=\"lazy\" decoding=\"async\" width=\"270\" height=\"360\" src=\"https:\/\/www.ralph-m.fr\/wp-content\/uploads\/2024\/03\/distributeur.jpg\" alt=\"\" class=\"wp-image-217110\"\/><\/figure><\/div>\n\n\n<p class=\"has-text-align-center bt_prdt_text\"><a href=\"https:\/\/www.ralph-m.fr\/en\/become-a-retailer-of-ralph-m-pieces\/\"><strong>Become a retailer<\/strong><br>of Ralph M. pieces<\/a><\/p>\n<\/div>\n\n\n\n<div class=\"wp-block-column hover_op is-layout-flow wp-block-column-is-layout-flow\"><div class=\"wp-block-image\">\n<figure class=\"aligncenter size-full\"><img loading=\"lazy\" decoding=\"async\" width=\"270\" height=\"360\" src=\"https:\/\/www.ralph-m.fr\/wp-content\/uploads\/2024\/03\/atelier.jpg\" alt=\"\" class=\"wp-image-217114\"\/><\/figure><\/div>\n\n\n<p class=\"has-text-align-center bt_prdt_text\"><a href=\"https:\/\/www.ralph-m.fr\/en\/see-how-our-sofas-are-made\/\">Visit our<br><strong>workshop<\/strong><br><\/a><\/p>\n<\/div>\n\n\n\n<div class=\"wp-block-column hover_op is-layout-flow wp-block-column-is-layout-flow\"><div class=\"wp-block-image\">\n<figure class=\"aligncenter size-full\"><img loading=\"lazy\" decoding=\"async\" width=\"270\" height=\"360\" src=\"https:\/\/www.ralph-m.fr\/wp-content\/uploads\/2024\/03\/collectivites-hotels.jpg\" alt=\"\" class=\"wp-image-217117\"\/><\/figure><\/div>\n\n\n<p class=\"has-text-align-center bt_prdt_text\"><a href=\"https:\/\/www.ralph-m.fr\/en\/hospitality-contracts\/\">Our cr\u00e9ations for<br><strong>hospitality <\/strong><\/a><br><a href=\"https:\/\/www.ralph-m.fr\/en\/hospitality-contracts\/\"><strong>&amp; contracts<\/strong><\/a><\/p>\n<\/div>\n<\/div>\n","protected":false},"excerpt":{"rendered":"<p>RALPH M. BETWEEN THE TWO OF US, IT&#8217;S ALL ABOUT COMFORT. In its French workshop, Ralph M. creates and crafts&#8230; <a><\/a><\/p>\n","protected":false},"author":3,"featured_media":0,"parent":0,"menu_order":0,"comment_status":"closed","ping_status":"closed","template":"page_accueil.php","meta":{"_acf_changed":false,"footnotes":""},"class_list":["post-6206","page","type-page","status-publish","hentry"],"acf":[],"yoast_head":"<!-- This site is optimized with the Yoast SEO plugin v27.5 - https:\/\/yoast.com\/product\/yoast-seo-wordpress\/ -->\n<title>RALPH M, sofas, armchairs, coffee tables, club chairs Made in France<\/title>\n<meta name=\"description\" content=\"RALPH M is a creator and manufacturer of high-end, customizable sofas in Maine et Loire (FRANCE)\" \/>\n<meta name=\"robots\" content=\"index, follow, max-snippet:-1, max-image-preview:large, max-video-preview:-1\" \/>\n<link rel=\"canonical\" href=\"https:\/\/www.ralph-m.fr\/en\/\" \/>\n<meta property=\"og:locale\" content=\"en_US\" \/>\n<meta property=\"og:type\" content=\"article\" \/>\n<meta property=\"og:title\" content=\"RALPH M, sofas, armchairs, coffee tables, club chairs Made in France\" \/>\n<meta property=\"og:description\" content=\"RALPH M is a creator and manufacturer of high-end, customizable sofas in Maine et Loire (FRANCE)\" \/>\n<meta property=\"og:url\" content=\"https:\/\/www.ralph-m.fr\/en\/\" \/>\n<meta property=\"og:site_name\" content=\"Ralph M.\" \/>\n<meta property=\"article:publisher\" content=\"https:\/\/www.facebook.com\/ralphM49330\/\" \/>\n<meta property=\"article:modified_time\" content=\"2025-09-16T08:29:18+00:00\" \/>\n<meta property=\"og:image\" content=\"https:\/\/www.ralph-m.fr\/wp-content\/uploads\/2024\/03\/bureau-1.jpg\" \/>\n<meta name=\"twitter:label1\" content=\"Est. reading time\" \/>\n\t<meta name=\"twitter:data1\" content=\"3 minutes\" \/>\n<script type=\"application\/ld+json\" class=\"yoast-schema-graph\">{\"@context\":\"https:\\\/\\\/schema.org\",\"@graph\":[{\"@type\":\"WebPage\",\"@id\":\"https:\\\/\\\/www.ralph-m.fr\\\/en\\\/\",\"url\":\"https:\\\/\\\/www.ralph-m.fr\\\/en\\\/\",\"name\":\"RALPH M, sofas, armchairs, coffee tables, club chairs Made in France\",\"isPartOf\":{\"@id\":\"https:\\\/\\\/www.ralph-m.fr\\\/#website\"},\"primaryImageOfPage\":{\"@id\":\"https:\\\/\\\/www.ralph-m.fr\\\/en\\\/#primaryimage\"},\"image\":{\"@id\":\"https:\\\/\\\/www.ralph-m.fr\\\/en\\\/#primaryimage\"},\"thumbnailUrl\":\"https:\\\/\\\/www.ralph-m.fr\\\/wp-content\\\/uploads\\\/2024\\\/03\\\/bureau-1.jpg\",\"datePublished\":\"2021-11-12T13:49:53+00:00\",\"dateModified\":\"2025-09-16T08:29:18+00:00\",\"description\":\"RALPH M is a creator and manufacturer of high-end, customizable sofas in Maine et Loire (FRANCE)\",\"breadcrumb\":{\"@id\":\"https:\\\/\\\/www.ralph-m.fr\\\/en\\\/#breadcrumb\"},\"inLanguage\":\"en-US\",\"potentialAction\":[{\"@type\":\"ReadAction\",\"target\":[\"https:\\\/\\\/www.ralph-m.fr\\\/en\\\/\"]}]},{\"@type\":\"ImageObject\",\"inLanguage\":\"en-US\",\"@id\":\"https:\\\/\\\/www.ralph-m.fr\\\/en\\\/#primaryimage\",\"url\":\"https:\\\/\\\/www.ralph-m.fr\\\/wp-content\\\/uploads\\\/2024\\\/03\\\/bureau-1.jpg\",\"contentUrl\":\"https:\\\/\\\/www.ralph-m.fr\\\/wp-content\\\/uploads\\\/2024\\\/03\\\/bureau-1.jpg\"},{\"@type\":\"BreadcrumbList\",\"@id\":\"https:\\\/\\\/www.ralph-m.fr\\\/en\\\/#breadcrumb\",\"itemListElement\":[{\"@type\":\"ListItem\",\"position\":1,\"name\":\"Home\",\"item\":\"https:\\\/\\\/www.ralph-m.fr\\\/en\\\/\"},{\"@type\":\"ListItem\",\"position\":2,\"name\":\"Home page\"}]},{\"@type\":\"WebSite\",\"@id\":\"https:\\\/\\\/www.ralph-m.fr\\\/#website\",\"url\":\"https:\\\/\\\/www.ralph-m.fr\\\/\",\"name\":\"Ralph M.\",\"description\":\"canap\u00e9s, fauteuils, fauteuils clubs, tables basses fabriqu\u00e9s en France\",\"publisher\":{\"@id\":\"https:\\\/\\\/www.ralph-m.fr\\\/#organization\"},\"potentialAction\":[{\"@type\":\"SearchAction\",\"target\":{\"@type\":\"EntryPoint\",\"urlTemplate\":\"https:\\\/\\\/www.ralph-m.fr\\\/?s={search_term_string}\"},\"query-input\":{\"@type\":\"PropertyValueSpecification\",\"valueRequired\":true,\"valueName\":\"search_term_string\"}}],\"inLanguage\":\"en-US\"},{\"@type\":\"Organization\",\"@id\":\"https:\\\/\\\/www.ralph-m.fr\\\/#organization\",\"name\":\"Ralph M.\",\"url\":\"https:\\\/\\\/www.ralph-m.fr\\\/\",\"logo\":{\"@type\":\"ImageObject\",\"inLanguage\":\"en-US\",\"@id\":\"https:\\\/\\\/www.ralph-m.fr\\\/#\\\/schema\\\/logo\\\/image\\\/\",\"url\":\"https:\\\/\\\/www.ralph-m.fr\\\/wp-content\\\/uploads\\\/2021\\\/12\\\/logo_header.png\",\"contentUrl\":\"https:\\\/\\\/www.ralph-m.fr\\\/wp-content\\\/uploads\\\/2021\\\/12\\\/logo_header.png\",\"width\":86,\"height\":69,\"caption\":\"Ralph M.\"},\"image\":{\"@id\":\"https:\\\/\\\/www.ralph-m.fr\\\/#\\\/schema\\\/logo\\\/image\\\/\"},\"sameAs\":[\"https:\\\/\\\/www.facebook.com\\\/ralphM49330\\\/\",\"https:\\\/\\\/www.instagram.com\\\/ralphm_france\\\/\"]}]}<\/script>\n<!-- \/ Yoast SEO plugin. -->","yoast_head_json":{"title":"RALPH M, sofas, armchairs, coffee tables, club chairs Made in France","description":"RALPH M is a creator and manufacturer of high-end, customizable sofas in Maine et Loire (FRANCE)","robots":{"index":"index","follow":"follow","max-snippet":"max-snippet:-1","max-image-preview":"max-image-preview:large","max-video-preview":"max-video-preview:-1"},"canonical":"https:\/\/www.ralph-m.fr\/en\/","og_locale":"en_US","og_type":"article","og_title":"RALPH M, sofas, armchairs, coffee tables, club chairs Made in France","og_description":"RALPH M is a creator and manufacturer of high-end, customizable sofas in Maine et Loire (FRANCE)","og_url":"https:\/\/www.ralph-m.fr\/en\/","og_site_name":"Ralph M.","article_publisher":"https:\/\/www.facebook.com\/ralphM49330\/","article_modified_time":"2025-09-16T08:29:18+00:00","og_image":[{"url":"https:\/\/www.ralph-m.fr\/wp-content\/uploads\/2024\/03\/bureau-1.jpg","type":"","width":"","height":""}],"twitter_misc":{"Est. reading time":"3 minutes"},"schema":{"@context":"https:\/\/schema.org","@graph":[{"@type":"WebPage","@id":"https:\/\/www.ralph-m.fr\/en\/","url":"https:\/\/www.ralph-m.fr\/en\/","name":"RALPH M, sofas, armchairs, coffee tables, club chairs Made in France","isPartOf":{"@id":"https:\/\/www.ralph-m.fr\/#website"},"primaryImageOfPage":{"@id":"https:\/\/www.ralph-m.fr\/en\/#primaryimage"},"image":{"@id":"https:\/\/www.ralph-m.fr\/en\/#primaryimage"},"thumbnailUrl":"https:\/\/www.ralph-m.fr\/wp-content\/uploads\/2024\/03\/bureau-1.jpg","datePublished":"2021-11-12T13:49:53+00:00","dateModified":"2025-09-16T08:29:18+00:00","description":"RALPH M is a creator and manufacturer of high-end, customizable sofas in Maine et Loire (FRANCE)","breadcrumb":{"@id":"https:\/\/www.ralph-m.fr\/en\/#breadcrumb"},"inLanguage":"en-US","potentialAction":[{"@type":"ReadAction","target":["https:\/\/www.ralph-m.fr\/en\/"]}]},{"@type":"ImageObject","inLanguage":"en-US","@id":"https:\/\/www.ralph-m.fr\/en\/#primaryimage","url":"https:\/\/www.ralph-m.fr\/wp-content\/uploads\/2024\/03\/bureau-1.jpg","contentUrl":"https:\/\/www.ralph-m.fr\/wp-content\/uploads\/2024\/03\/bureau-1.jpg"},{"@type":"BreadcrumbList","@id":"https:\/\/www.ralph-m.fr\/en\/#breadcrumb","itemListElement":[{"@type":"ListItem","position":1,"name":"Home","item":"https:\/\/www.ralph-m.fr\/en\/"},{"@type":"ListItem","position":2,"name":"Home page"}]},{"@type":"WebSite","@id":"https:\/\/www.ralph-m.fr\/#website","url":"https:\/\/www.ralph-m.fr\/","name":"Ralph M.","description":"canap\u00e9s, fauteuils, fauteuils clubs, tables basses fabriqu\u00e9s en France","publisher":{"@id":"https:\/\/www.ralph-m.fr\/#organization"},"potentialAction":[{"@type":"SearchAction","target":{"@type":"EntryPoint","urlTemplate":"https:\/\/www.ralph-m.fr\/?s={search_term_string}"},"query-input":{"@type":"PropertyValueSpecification","valueRequired":true,"valueName":"search_term_string"}}],"inLanguage":"en-US"},{"@type":"Organization","@id":"https:\/\/www.ralph-m.fr\/#organization","name":"Ralph M.","url":"https:\/\/www.ralph-m.fr\/","logo":{"@type":"ImageObject","inLanguage":"en-US","@id":"https:\/\/www.ralph-m.fr\/#\/schema\/logo\/image\/","url":"https:\/\/www.ralph-m.fr\/wp-content\/uploads\/2021\/12\/logo_header.png","contentUrl":"https:\/\/www.ralph-m.fr\/wp-content\/uploads\/2021\/12\/logo_header.png","width":86,"height":69,"caption":"Ralph M."},"image":{"@id":"https:\/\/www.ralph-m.fr\/#\/schema\/logo\/image\/"},"sameAs":["https:\/\/www.facebook.com\/ralphM49330\/","https:\/\/www.instagram.com\/ralphm_france\/"]}]}},"_links":{"self":[{"href":"https:\/\/www.ralph-m.fr\/en\/wp-json\/wp\/v2\/pages\/6206","targetHints":{"allow":["GET"]}}],"collection":[{"href":"https:\/\/www.ralph-m.fr\/en\/wp-json\/wp\/v2\/pages"}],"about":[{"href":"https:\/\/www.ralph-m.fr\/en\/wp-json\/wp\/v2\/types\/page"}],"author":[{"embeddable":true,"href":"https:\/\/www.ralph-m.fr\/en\/wp-json\/wp\/v2\/users\/3"}],"replies":[{"embeddable":true,"href":"https:\/\/www.ralph-m.fr\/en\/wp-json\/wp\/v2\/comments?post=6206"}],"version-history":[{"count":10,"href":"https:\/\/www.ralph-m.fr\/en\/wp-json\/wp\/v2\/pages\/6206\/revisions"}],"predecessor-version":[{"id":353666,"href":"https:\/\/www.ralph-m.fr\/en\/wp-json\/wp\/v2\/pages\/6206\/revisions\/353666"}],"wp:attachment":[{"href":"https:\/\/www.ralph-m.fr\/en\/wp-json\/wp\/v2\/media?parent=6206"}],"curies":[{"name":"wp","href":"https:\/\/api.w.org\/{rel}","templated":true}]}}