

{"id":2230,"date":"2013-04-24T09:26:57","date_gmt":"2013-04-24T08:26:57","guid":{"rendered":"http:\/\/www.anjou-sieges.fr\/?page_id=2230"},"modified":"2022-01-18T17:22:43","modified_gmt":"2022-01-18T16:22:43","slug":"ralph-m-club-chair-designer","status":"publish","type":"page","link":"https:\/\/www.ralph-m.fr\/en\/ralph-m-club-chair-designer\/","title":{"rendered":"Ralph M. Club chair designer"},"content":{"rendered":"\n<div class=\"wp-block-columns is-layout-flex wp-container-core-columns-is-layout-9d6595d7 wp-block-columns-is-layout-flex\">\n<div class=\"wp-block-column is-layout-flow wp-block-column-is-layout-flow\">\n<h2 class=\"wp-block-heading\">The Club Chair by Ralph M.: timeless.<\/h2>\n\n\n\n<p><strong>For nearly a century the club chair has stood the test of time and lost none of its authenticity. It ages, but always with class and elegance. The patina it gains simply makes it more beautiful over time, without compromising its comfort in any way.<\/strong><\/p>\n\n\n\n<h3 class=\"wp-block-heading\">The Club Chair, unparalleled, enduring comfort.<\/h3>\n\n\n\n<p>The Club chair\u2026 unequalled comfort<br>Its rounded form and generously upholstered sprung seat offering the perfect balance between flexibility and firmness is an irresistible invitation to relax and chat the evening away in total comfort.<\/p>\n\n\n\n<p>All these attributes endure appealingly, and with <strong>a lifespan of around 40 years<\/strong>, these chairs often become family heirlooms. What other piece of furniture today could boast such a central place in your life?<\/p>\n\n\n\n<a id=\"bt_page_contact\" class=\"bt bt_noir\" href=\"\/en\/saint-nicolas-2\/\">Discover our Club chairs<\/a>\n\n\n\n<figure class=\"wp-block-image size-large\"><a href=\"https:\/\/www.ralph-m.fr\/saint-nicolas-2\/\"><img loading=\"lazy\" decoding=\"async\" width=\"1200\" height=\"800\" src=\"https:\/\/www.ralph-m.fr\/wp-content\/uploads\/2021\/12\/0274_21-RALPH-M-TOME21-Saint-Nicolas-4241-recadre-1200x800.jpg\" alt=\"Fauteuil club SAINT-NICOLAS Ralph M.\" class=\"wp-image-7374\" srcset=\"https:\/\/www.ralph-m.fr\/wp-content\/uploads\/2021\/12\/0274_21-RALPH-M-TOME21-Saint-Nicolas-4241-recadre-1200x800.jpg 1200w, https:\/\/www.ralph-m.fr\/wp-content\/uploads\/2021\/12\/0274_21-RALPH-M-TOME21-Saint-Nicolas-4241-recadre-490x327.jpg 490w, https:\/\/www.ralph-m.fr\/wp-content\/uploads\/2021\/12\/0274_21-RALPH-M-TOME21-Saint-Nicolas-4241-recadre-768x512.jpg 768w, https:\/\/www.ralph-m.fr\/wp-content\/uploads\/2021\/12\/0274_21-RALPH-M-TOME21-Saint-Nicolas-4241-recadre-1536x1024.jpg 1536w, https:\/\/www.ralph-m.fr\/wp-content\/uploads\/2021\/12\/0274_21-RALPH-M-TOME21-Saint-Nicolas-4241-recadre-2048x1366.jpg 2048w\" sizes=\"auto, (max-width: 1200px) 100vw, 1200px\" \/><\/a><\/figure>\n\n\n\n<h3 class=\"wp-block-heading\">The club chair, a product of tradition and craftsmanship.<\/h3>\n\n\n\n<p><strong>The club chair is able to shrug off the effects of time and use, because it is traditionally produced using real craftsmanship.<\/strong> Perpetuating the cachet and appeal of its 1920s origins means working with real respect for materials and craft processes.<\/p>\n\n\n\n<p>The choice of leather is the determining factor in the resistance of a chair to natural wear and the creation of the patina sought after by lovers of period furniture. Only full-grain sheepskin &#8211; also known as &#8216;basane leather&#8217; &#8211; can provide this durability and look. <strong>At Ralph M., every hide is dyed, waxed and patinated by hand<\/strong> to create precisely the desired look. Its grain and character will then change and mature subtly to reflect the effects of time.<\/p>\n\n\n\n<p><strong>High-quality seat springing and deep upholstery of cushions, back and arms is essential <\/strong>to ensure that the chair does not lose its characteristic shape prematurely. All the springs, webbing, goose feathers and foam we use are selected for their durability. In addition to this uncompromising commitment to quality, <strong>at Ralph M., these materials are put to work with real expertise<\/strong> that leaves nothing to chance, from fixings to finishings and the even distribution of padding.<\/p>\n\n\n\n<p>Only real craftsmanship can guarantee this level of authenticity that comes so close to that of period chairs. <a href=\"https:\/\/www.ralph-m.fr\/savoir-faire\/\"><\/a><a href=\"https:\/\/www.ralph-m.fr\/\/en\/expertise\/\">Experience the expertise of Ralph M.<\/a><\/p>\n<\/div>\n\n\n\n<div class=\"wp-block-column is-layout-flow wp-block-column-is-layout-flow\">\n<figure class=\"wp-block-gallery columns-2 is-cropped wp-block-gallery-1 is-layout-flex wp-block-gallery-is-layout-flex\"><ul class=\"blocks-gallery-grid\"><li class=\"blocks-gallery-item\"><figure><img loading=\"lazy\" decoding=\"async\" width=\"400\" height=\"400\" src=\"https:\/\/www.ralph-m.fr\/wp-content\/uploads\/2021\/12\/detail-fauteuil-club-cuir.jpg\" alt=\"Fauteuil club Ralph M.\" data-id=\"6591\" data-full-url=\"https:\/\/www.ralph-m.fr\/wp-content\/uploads\/2021\/12\/detail-fauteuil-club-cuir.jpg\" data-link=\"https:\/\/www.ralph-m.fr\/fauteuil-club-cuir-made-in-france\/detail-fauteuil-club-cuir\/\" class=\"wp-image-6592\"\/><\/figure><\/li><li class=\"blocks-gallery-item\"><figure><img loading=\"lazy\" decoding=\"async\" width=\"400\" height=\"400\" src=\"https:\/\/www.ralph-m.fr\/wp-content\/uploads\/2021\/12\/clous-fauteuil-club-cuir.jpg\" alt=\"Fauteuil club Ralph M.\" data-id=\"6593\" data-full-url=\"https:\/\/www.ralph-m.fr\/wp-content\/uploads\/2021\/12\/clous-fauteuil-club-cuir.jpg\" data-link=\"https:\/\/www.ralph-m.fr\/fauteuil-club-cuir-made-in-france\/clous-fauteuil-club-cuir\/\" class=\"wp-image-6594\"\/><\/figure><\/li><\/ul><\/figure>\n\n\n\n<h3 class=\"wp-block-heading\">The Club Chair&#8230; timeless style offered in many shape and colour combinations.<\/h3>\n\n\n\n<p><strong><strong>Do you love the authentic club chair look?<\/strong> <\/strong>Then you&#8217;re certainly looking for a rounded form in tanned brown fine-grained sheepskin that will gain an inevitable natural patina over time. The <a href=\"https:\/\/www.ralph-m.fr\/en\/saint-nicolas\/\">Saint-Nicolas Club chair<\/a> and sofa could be precisely what you&#8217;re looking for.<\/p>\n\n\n\n<h3 class=\"wp-block-heading\">Find the ideal Club chair near you.<\/h3>\n\n\n\n<p><strong><strong>Visit our dealers to explore our many other models,<\/strong> <\/strong>all of which can be adapted to create <a href=\"https:\/\/www.ralph-m.fr\/\/en\/bespoke-sofas\/\">bespoke<\/a> pieces that reflect your tastes and requirements. Combining shapes and colours gives you an infinite range of options for creating your ideal interior.votre int\u00e9rieur sont infinies.<\/p>\n\n\n\n<p>The professional advisers in our outlets in France and abroad offer you a broad range of options to add the perfect finishing touches to your home with precisely the right look and level of comfort you demand. <\/p>\n\n\n\n<figure class=\"wp-block-image size-large bordgris\"><img loading=\"lazy\" decoding=\"async\" width=\"1200\" height=\"800\" src=\"https:\/\/www.ralph-m.fr\/wp-content\/uploads\/2020\/02\/0146_21-RALPH-M-SHAMAN-08629-1200x800.jpg\" alt=\"\" class=\"wp-image-7407\" srcset=\"https:\/\/www.ralph-m.fr\/wp-content\/uploads\/2020\/02\/0146_21-RALPH-M-SHAMAN-08629-1200x800.jpg 1200w, https:\/\/www.ralph-m.fr\/wp-content\/uploads\/2020\/02\/0146_21-RALPH-M-SHAMAN-08629-490x327.jpg 490w, https:\/\/www.ralph-m.fr\/wp-content\/uploads\/2020\/02\/0146_21-RALPH-M-SHAMAN-08629-768x512.jpg 768w, https:\/\/www.ralph-m.fr\/wp-content\/uploads\/2020\/02\/0146_21-RALPH-M-SHAMAN-08629-1536x1025.jpg 1536w, https:\/\/www.ralph-m.fr\/wp-content\/uploads\/2020\/02\/0146_21-RALPH-M-SHAMAN-08629-2048x1366.jpg 2048w\" sizes=\"auto, (max-width: 1200px) 100vw, 1200px\" \/><\/figure>\n\n\n\n<div class=\"wp-block-buttons bt_page_gris_wrap is-layout-flex wp-block-buttons-is-layout-flex\">\n<div class=\"wp-block-button bt_page_gris\" id=\"bt_gris1\"><a class=\"wp-block-button__link no-border-radius\" href=\"\/en\/?page_id=2214\">MADE IN FRANCE<\/a><\/div>\n\n\n\n<div class=\"wp-block-button bt_page_gris\" id=\"bt_gris3\"><a class=\"wp-block-button__link no-border-radius\" href=\"\/en\/?page_id=2198\">PERSONALISE YOUR SOFA<\/a><\/div>\n<\/div>\n\n\n\n<p><\/p>\n<\/div>\n<\/div>\n","protected":false},"excerpt":{"rendered":"<p>The Club Chair by Ralph M.: timeless. For nearly a century the club chair has stood the test of time&#8230; <a><\/a><\/p>\n","protected":false},"author":3,"featured_media":0,"parent":0,"menu_order":0,"comment_status":"closed","ping_status":"closed","template":"","meta":{"_acf_changed":false,"footnotes":""},"class_list":["post-2230","page","type-page","status-publish","hentry"],"acf":[],"yoast_head":"<!-- This site is optimized with the Yoast SEO plugin v27.5 - https:\/\/yoast.com\/product\/yoast-seo-wordpress\/ -->\n<title>French made Club sofa and armchair - RALPH M<\/title>\n<meta name=\"description\" content=\"RALPH M est cr\u00e9ateur et fabriquant de fauteuil club et canap\u00e9 club de tradition pr\u00e8s d&#039;Angers dans le Maine et Loire\" \/>\n<meta name=\"robots\" content=\"index, follow, max-snippet:-1, max-image-preview:large, max-video-preview:-1\" \/>\n<link rel=\"canonical\" href=\"https:\/\/www.ralph-m.fr\/en\/ralph-m-club-chair-designer\/\" \/>\n<meta property=\"og:locale\" content=\"en_US\" \/>\n<meta property=\"og:type\" content=\"article\" \/>\n<meta property=\"og:title\" content=\"French made Club sofa and armchair - RALPH M\" \/>\n<meta property=\"og:description\" content=\"RALPH M est cr\u00e9ateur et fabriquant de fauteuil club et canap\u00e9 club de tradition pr\u00e8s d&#039;Angers dans le Maine et Loire\" \/>\n<meta property=\"og:url\" content=\"https:\/\/www.ralph-m.fr\/en\/ralph-m-club-chair-designer\/\" \/>\n<meta property=\"og:site_name\" content=\"Ralph M.\" \/>\n<meta property=\"article:publisher\" content=\"https:\/\/www.facebook.com\/ralphM49330\/\" \/>\n<meta property=\"article:modified_time\" content=\"2022-01-18T16:22:43+00:00\" \/>\n<meta property=\"og:image\" content=\"https:\/\/www.ralph-m.fr\/wp-content\/uploads\/2021\/12\/0274_21-RALPH-M-TOME21-Saint-Nicolas-4241-recadre-1200x800.jpg\" \/>\n<meta name=\"twitter:label1\" content=\"Est. reading time\" \/>\n\t<meta name=\"twitter:data1\" content=\"4 minutes\" \/>\n<script type=\"application\/ld+json\" class=\"yoast-schema-graph\">{\"@context\":\"https:\\\/\\\/schema.org\",\"@graph\":[{\"@type\":\"WebPage\",\"@id\":\"https:\\\/\\\/www.ralph-m.fr\\\/en\\\/ralph-m-club-chair-designer\\\/\",\"url\":\"https:\\\/\\\/www.ralph-m.fr\\\/en\\\/ralph-m-club-chair-designer\\\/\",\"name\":\"French made Club sofa and armchair - RALPH M\",\"isPartOf\":{\"@id\":\"https:\\\/\\\/www.ralph-m.fr\\\/#website\"},\"primaryImageOfPage\":{\"@id\":\"https:\\\/\\\/www.ralph-m.fr\\\/en\\\/ralph-m-club-chair-designer\\\/#primaryimage\"},\"image\":{\"@id\":\"https:\\\/\\\/www.ralph-m.fr\\\/en\\\/ralph-m-club-chair-designer\\\/#primaryimage\"},\"thumbnailUrl\":\"https:\\\/\\\/www.ralph-m.fr\\\/wp-content\\\/uploads\\\/2021\\\/12\\\/0274_21-RALPH-M-TOME21-Saint-Nicolas-4241-recadre-1200x800.jpg\",\"datePublished\":\"2013-04-24T08:26:57+00:00\",\"dateModified\":\"2022-01-18T16:22:43+00:00\",\"description\":\"RALPH M est cr\u00e9ateur et fabriquant de fauteuil club et canap\u00e9 club de tradition pr\u00e8s d'Angers dans le Maine et Loire\",\"breadcrumb\":{\"@id\":\"https:\\\/\\\/www.ralph-m.fr\\\/en\\\/ralph-m-club-chair-designer\\\/#breadcrumb\"},\"inLanguage\":\"en-US\",\"potentialAction\":[{\"@type\":\"ReadAction\",\"target\":[\"https:\\\/\\\/www.ralph-m.fr\\\/en\\\/ralph-m-club-chair-designer\\\/\"]}]},{\"@type\":\"ImageObject\",\"inLanguage\":\"en-US\",\"@id\":\"https:\\\/\\\/www.ralph-m.fr\\\/en\\\/ralph-m-club-chair-designer\\\/#primaryimage\",\"url\":\"https:\\\/\\\/www.ralph-m.fr\\\/wp-content\\\/uploads\\\/2021\\\/12\\\/0274_21-RALPH-M-TOME21-Saint-Nicolas-4241-recadre-1200x800.jpg\",\"contentUrl\":\"https:\\\/\\\/www.ralph-m.fr\\\/wp-content\\\/uploads\\\/2021\\\/12\\\/0274_21-RALPH-M-TOME21-Saint-Nicolas-4241-recadre-1200x800.jpg\"},{\"@type\":\"BreadcrumbList\",\"@id\":\"https:\\\/\\\/www.ralph-m.fr\\\/en\\\/ralph-m-club-chair-designer\\\/#breadcrumb\",\"itemListElement\":[{\"@type\":\"ListItem\",\"position\":1,\"name\":\"Home\",\"item\":\"https:\\\/\\\/www.ralph-m.fr\\\/en\\\/\"},{\"@type\":\"ListItem\",\"position\":2,\"name\":\"Ralph M. Club chair designer\"}]},{\"@type\":\"WebSite\",\"@id\":\"https:\\\/\\\/www.ralph-m.fr\\\/#website\",\"url\":\"https:\\\/\\\/www.ralph-m.fr\\\/\",\"name\":\"Ralph M.\",\"description\":\"canap\u00e9s, fauteuils, fauteuils clubs, tables basses fabriqu\u00e9s en France\",\"publisher\":{\"@id\":\"https:\\\/\\\/www.ralph-m.fr\\\/#organization\"},\"potentialAction\":[{\"@type\":\"SearchAction\",\"target\":{\"@type\":\"EntryPoint\",\"urlTemplate\":\"https:\\\/\\\/www.ralph-m.fr\\\/?s={search_term_string}\"},\"query-input\":{\"@type\":\"PropertyValueSpecification\",\"valueRequired\":true,\"valueName\":\"search_term_string\"}}],\"inLanguage\":\"en-US\"},{\"@type\":\"Organization\",\"@id\":\"https:\\\/\\\/www.ralph-m.fr\\\/#organization\",\"name\":\"Ralph M.\",\"url\":\"https:\\\/\\\/www.ralph-m.fr\\\/\",\"logo\":{\"@type\":\"ImageObject\",\"inLanguage\":\"en-US\",\"@id\":\"https:\\\/\\\/www.ralph-m.fr\\\/#\\\/schema\\\/logo\\\/image\\\/\",\"url\":\"https:\\\/\\\/www.ralph-m.fr\\\/wp-content\\\/uploads\\\/2021\\\/12\\\/logo_header.png\",\"contentUrl\":\"https:\\\/\\\/www.ralph-m.fr\\\/wp-content\\\/uploads\\\/2021\\\/12\\\/logo_header.png\",\"width\":86,\"height\":69,\"caption\":\"Ralph M.\"},\"image\":{\"@id\":\"https:\\\/\\\/www.ralph-m.fr\\\/#\\\/schema\\\/logo\\\/image\\\/\"},\"sameAs\":[\"https:\\\/\\\/www.facebook.com\\\/ralphM49330\\\/\",\"https:\\\/\\\/www.instagram.com\\\/ralphm_france\\\/\"]}]}<\/script>\n<!-- \/ Yoast SEO plugin. -->","yoast_head_json":{"title":"French made Club sofa and armchair - RALPH M","description":"RALPH M est cr\u00e9ateur et fabriquant de fauteuil club et canap\u00e9 club de tradition pr\u00e8s d'Angers dans le Maine et Loire","robots":{"index":"index","follow":"follow","max-snippet":"max-snippet:-1","max-image-preview":"max-image-preview:large","max-video-preview":"max-video-preview:-1"},"canonical":"https:\/\/www.ralph-m.fr\/en\/ralph-m-club-chair-designer\/","og_locale":"en_US","og_type":"article","og_title":"French made Club sofa and armchair - RALPH M","og_description":"RALPH M est cr\u00e9ateur et fabriquant de fauteuil club et canap\u00e9 club de tradition pr\u00e8s d'Angers dans le Maine et Loire","og_url":"https:\/\/www.ralph-m.fr\/en\/ralph-m-club-chair-designer\/","og_site_name":"Ralph M.","article_publisher":"https:\/\/www.facebook.com\/ralphM49330\/","article_modified_time":"2022-01-18T16:22:43+00:00","og_image":[{"url":"https:\/\/www.ralph-m.fr\/wp-content\/uploads\/2021\/12\/0274_21-RALPH-M-TOME21-Saint-Nicolas-4241-recadre-1200x800.jpg","type":"","width":"","height":""}],"twitter_misc":{"Est. reading time":"4 minutes"},"schema":{"@context":"https:\/\/schema.org","@graph":[{"@type":"WebPage","@id":"https:\/\/www.ralph-m.fr\/en\/ralph-m-club-chair-designer\/","url":"https:\/\/www.ralph-m.fr\/en\/ralph-m-club-chair-designer\/","name":"French made Club sofa and armchair - RALPH M","isPartOf":{"@id":"https:\/\/www.ralph-m.fr\/#website"},"primaryImageOfPage":{"@id":"https:\/\/www.ralph-m.fr\/en\/ralph-m-club-chair-designer\/#primaryimage"},"image":{"@id":"https:\/\/www.ralph-m.fr\/en\/ralph-m-club-chair-designer\/#primaryimage"},"thumbnailUrl":"https:\/\/www.ralph-m.fr\/wp-content\/uploads\/2021\/12\/0274_21-RALPH-M-TOME21-Saint-Nicolas-4241-recadre-1200x800.jpg","datePublished":"2013-04-24T08:26:57+00:00","dateModified":"2022-01-18T16:22:43+00:00","description":"RALPH M est cr\u00e9ateur et fabriquant de fauteuil club et canap\u00e9 club de tradition pr\u00e8s d'Angers dans le Maine et Loire","breadcrumb":{"@id":"https:\/\/www.ralph-m.fr\/en\/ralph-m-club-chair-designer\/#breadcrumb"},"inLanguage":"en-US","potentialAction":[{"@type":"ReadAction","target":["https:\/\/www.ralph-m.fr\/en\/ralph-m-club-chair-designer\/"]}]},{"@type":"ImageObject","inLanguage":"en-US","@id":"https:\/\/www.ralph-m.fr\/en\/ralph-m-club-chair-designer\/#primaryimage","url":"https:\/\/www.ralph-m.fr\/wp-content\/uploads\/2021\/12\/0274_21-RALPH-M-TOME21-Saint-Nicolas-4241-recadre-1200x800.jpg","contentUrl":"https:\/\/www.ralph-m.fr\/wp-content\/uploads\/2021\/12\/0274_21-RALPH-M-TOME21-Saint-Nicolas-4241-recadre-1200x800.jpg"},{"@type":"BreadcrumbList","@id":"https:\/\/www.ralph-m.fr\/en\/ralph-m-club-chair-designer\/#breadcrumb","itemListElement":[{"@type":"ListItem","position":1,"name":"Home","item":"https:\/\/www.ralph-m.fr\/en\/"},{"@type":"ListItem","position":2,"name":"Ralph M. Club chair designer"}]},{"@type":"WebSite","@id":"https:\/\/www.ralph-m.fr\/#website","url":"https:\/\/www.ralph-m.fr\/","name":"Ralph M.","description":"canap\u00e9s, fauteuils, fauteuils clubs, tables basses fabriqu\u00e9s en France","publisher":{"@id":"https:\/\/www.ralph-m.fr\/#organization"},"potentialAction":[{"@type":"SearchAction","target":{"@type":"EntryPoint","urlTemplate":"https:\/\/www.ralph-m.fr\/?s={search_term_string}"},"query-input":{"@type":"PropertyValueSpecification","valueRequired":true,"valueName":"search_term_string"}}],"inLanguage":"en-US"},{"@type":"Organization","@id":"https:\/\/www.ralph-m.fr\/#organization","name":"Ralph M.","url":"https:\/\/www.ralph-m.fr\/","logo":{"@type":"ImageObject","inLanguage":"en-US","@id":"https:\/\/www.ralph-m.fr\/#\/schema\/logo\/image\/","url":"https:\/\/www.ralph-m.fr\/wp-content\/uploads\/2021\/12\/logo_header.png","contentUrl":"https:\/\/www.ralph-m.fr\/wp-content\/uploads\/2021\/12\/logo_header.png","width":86,"height":69,"caption":"Ralph M."},"image":{"@id":"https:\/\/www.ralph-m.fr\/#\/schema\/logo\/image\/"},"sameAs":["https:\/\/www.facebook.com\/ralphM49330\/","https:\/\/www.instagram.com\/ralphm_france\/"]}]}},"_links":{"self":[{"href":"https:\/\/www.ralph-m.fr\/en\/wp-json\/wp\/v2\/pages\/2230","targetHints":{"allow":["GET"]}}],"collection":[{"href":"https:\/\/www.ralph-m.fr\/en\/wp-json\/wp\/v2\/pages"}],"about":[{"href":"https:\/\/www.ralph-m.fr\/en\/wp-json\/wp\/v2\/types\/page"}],"author":[{"embeddable":true,"href":"https:\/\/www.ralph-m.fr\/en\/wp-json\/wp\/v2\/users\/3"}],"replies":[{"embeddable":true,"href":"https:\/\/www.ralph-m.fr\/en\/wp-json\/wp\/v2\/comments?post=2230"}],"version-history":[{"count":4,"href":"https:\/\/www.ralph-m.fr\/en\/wp-json\/wp\/v2\/pages\/2230\/revisions"}],"predecessor-version":[{"id":12236,"href":"https:\/\/www.ralph-m.fr\/en\/wp-json\/wp\/v2\/pages\/2230\/revisions\/12236"}],"wp:attachment":[{"href":"https:\/\/www.ralph-m.fr\/en\/wp-json\/wp\/v2\/media?parent=2230"}],"curies":[{"name":"wp","href":"https:\/\/api.w.org\/{rel}","templated":true}]}}