

{"id":2211,"date":"2013-03-19T17:02:29","date_gmt":"2013-03-19T16:02:29","guid":{"rendered":"http:\/\/www.anjou-sieges.fr\/?page_id=2211"},"modified":"2020-03-02T15:09:06","modified_gmt":"2020-03-02T14:09:06","slug":"collection","status":"publish","type":"page","link":"https:\/\/www.ralph-m.fr\/en\/collection\/","title":{"rendered":"The collection"},"content":{"rendered":"\n<div class=\"wp-block-columns is-layout-flex wp-container-core-columns-is-layout-9d6595d7 wp-block-columns-is-layout-flex\">\n<div class=\"wp-block-column is-layout-flow wp-block-column-is-layout-flow\">\n<figure class=\"wp-block-image size-large\"><a href=\"https:\/\/www.ralph-m.fr\/en\/modeles\/sofas\/\"><img decoding=\"async\" src=\"https:\/\/www.ralph-m.fr\/wp-content\/uploads\/2020\/03\/page-collection-loft.jpg\" alt=\"\" class=\"wp-image-5913\"\/><\/a><\/figure>\n\n\n\n<h2 class=\"wp-block-heading\">SOFAS<\/h2>\n\n\n\n<p>Comfort and elegance: 2-seater, 3-seater (or more), or perhaps a corner sofa? What role will it fulfil in your life, and what space do have available to accommodate it? A sofa is an enduring and essential part of your lounge.<br><a href=\"https:\/\/www.ralph-m.fr\/en\/modeles\/sofas\/\">Discover<\/a><\/p>\n<\/div>\n\n\n\n<div class=\"wp-block-column is-layout-flow wp-block-column-is-layout-flow\">\n<figure class=\"wp-block-image size-large\"><a href=\"\/?cat_ID=12\"><img decoding=\"async\" src=\"https:\/\/www.ralph-m.fr\/wp-content\/uploads\/2020\/03\/page-collection-dakota.jpg\" alt=\"\" class=\"wp-image-5915\"\/><\/a><\/figure>\n\n\n\n<h2 class=\"wp-block-heading\">ARMCHAIRS<\/h2>\n\n\n\n<p>Dare to be different, revisit the styles: convertibles, canopies, shepherds or stylish sofas\u2026 your interior will be sublimated. The art of subtly mixing shapes, materials and colours offers you a successful decor added to absolute comfort.<br><a href=\"\/?cat_ID=12\">Discover<\/a><\/p>\n<\/div>\n\n\n\n<div class=\"wp-block-column is-layout-flow wp-block-column-is-layout-flow\">\n<figure class=\"wp-block-image size-large\"><a href=\"https:\/\/www.ralph-m.fr\/en\/modeles\/coffee-tables\/\"><img decoding=\"async\" src=\"https:\/\/www.ralph-m.fr\/wp-content\/uploads\/2020\/03\/page-collection-duo.jpg\" alt=\"\" class=\"wp-image-5905\"\/><\/a><\/figure>\n\n\n\n<h2 class=\"wp-block-heading\">COFFEE TABLE<\/h2>\n\n\n\n<p>Ralph M coffee tables combine solid wood and metal. Square or rectangular shapes, in sober and natural shades, they are studied to lighten your interior. However, their pure appearance can deceive guests. In no time at all, sliding tops and raised shelves transform your Rivoli coffee table into a cleverly arranged dining table. While retaining this storage capacity, but daring a bolder design,<br> The Saint Ouen model is inspired by cargo crates and invites you to travel and adventure, comfortably seated on your sofa!<br><a href=\"https:\/\/www.ralph-m.fr\/en\/modeles\/coffee-tables\/\">Discover<\/a><\/p>\n<\/div>\n<\/div>\n","protected":false},"excerpt":{"rendered":"<p>SOFAS Comfort and elegance: 2-seater, 3-seater (or more), or perhaps a corner sofa? What role will it fulfil in your&#8230; <a><\/a><\/p>\n","protected":false},"author":3,"featured_media":0,"parent":0,"menu_order":0,"comment_status":"closed","ping_status":"closed","template":"","meta":{"_acf_changed":false,"footnotes":""},"class_list":["post-2211","page","type-page","status-publish","hentry"],"acf":[],"yoast_head":"<!-- This site is optimized with the Yoast SEO plugin v27.3 - https:\/\/yoast.com\/product\/yoast-seo-wordpress\/ -->\n<title>Collection canap\u00e9s, canap\u00e9s-lits, fauteuils clubs, berg\u00e8res<\/title>\n<meta name=\"description\" content=\"D\u00e9couvrez la collection Anjou Si\u00e8ges, cr\u00e9ateur de canap\u00e9s et fauteuils haut de gamme et personnalisables Made in France\" \/>\n<meta name=\"robots\" content=\"index, follow, max-snippet:-1, max-image-preview:large, max-video-preview:-1\" \/>\n<link rel=\"canonical\" href=\"https:\/\/www.ralph-m.fr\/en\/collection\/\" \/>\n<meta property=\"og:locale\" content=\"en_US\" \/>\n<meta property=\"og:type\" content=\"article\" \/>\n<meta property=\"og:title\" content=\"Collection canap\u00e9s, canap\u00e9s-lits, fauteuils clubs, berg\u00e8res\" \/>\n<meta property=\"og:description\" content=\"D\u00e9couvrez la collection Anjou Si\u00e8ges, cr\u00e9ateur de canap\u00e9s et fauteuils haut de gamme et personnalisables Made in France\" \/>\n<meta property=\"og:url\" content=\"https:\/\/www.ralph-m.fr\/en\/collection\/\" \/>\n<meta property=\"og:site_name\" content=\"Ralph M.\" \/>\n<meta property=\"article:publisher\" content=\"https:\/\/www.facebook.com\/ralphM49330\/\" \/>\n<meta property=\"article:modified_time\" content=\"2020-03-02T14:09:06+00:00\" \/>\n<meta property=\"og:image\" content=\"http:\/\/preprod.ralph-m.fr\/wp-content\/uploads\/2020\/03\/page-collection-loft.jpg\" \/>\n<meta name=\"twitter:label1\" content=\"Est. reading time\" \/>\n\t<meta name=\"twitter:data1\" content=\"1 minute\" \/>\n<script type=\"application\/ld+json\" class=\"yoast-schema-graph\">{\"@context\":\"https:\\\/\\\/schema.org\",\"@graph\":[{\"@type\":\"WebPage\",\"@id\":\"https:\\\/\\\/www.ralph-m.fr\\\/en\\\/collection\\\/\",\"url\":\"https:\\\/\\\/www.ralph-m.fr\\\/en\\\/collection\\\/\",\"name\":\"Collection canap\u00e9s, canap\u00e9s-lits, fauteuils clubs, berg\u00e8res\",\"isPartOf\":{\"@id\":\"https:\\\/\\\/www.ralph-m.fr\\\/#website\"},\"primaryImageOfPage\":{\"@id\":\"https:\\\/\\\/www.ralph-m.fr\\\/en\\\/collection\\\/#primaryimage\"},\"image\":{\"@id\":\"https:\\\/\\\/www.ralph-m.fr\\\/en\\\/collection\\\/#primaryimage\"},\"thumbnailUrl\":\"https:\\\/\\\/www.ralph-m.fr\\\/wp-content\\\/uploads\\\/2020\\\/03\\\/page-collection-loft.jpg\",\"datePublished\":\"2013-03-19T16:02:29+00:00\",\"dateModified\":\"2020-03-02T14:09:06+00:00\",\"description\":\"D\u00e9couvrez la collection Anjou Si\u00e8ges, cr\u00e9ateur de canap\u00e9s et fauteuils haut de gamme et personnalisables Made in France\",\"breadcrumb\":{\"@id\":\"https:\\\/\\\/www.ralph-m.fr\\\/en\\\/collection\\\/#breadcrumb\"},\"inLanguage\":\"en-US\",\"potentialAction\":[{\"@type\":\"ReadAction\",\"target\":[\"https:\\\/\\\/www.ralph-m.fr\\\/en\\\/collection\\\/\"]}]},{\"@type\":\"ImageObject\",\"inLanguage\":\"en-US\",\"@id\":\"https:\\\/\\\/www.ralph-m.fr\\\/en\\\/collection\\\/#primaryimage\",\"url\":\"https:\\\/\\\/www.ralph-m.fr\\\/wp-content\\\/uploads\\\/2020\\\/03\\\/page-collection-loft.jpg\",\"contentUrl\":\"https:\\\/\\\/www.ralph-m.fr\\\/wp-content\\\/uploads\\\/2020\\\/03\\\/page-collection-loft.jpg\"},{\"@type\":\"BreadcrumbList\",\"@id\":\"https:\\\/\\\/www.ralph-m.fr\\\/en\\\/collection\\\/#breadcrumb\",\"itemListElement\":[{\"@type\":\"ListItem\",\"position\":1,\"name\":\"Home\",\"item\":\"https:\\\/\\\/www.ralph-m.fr\\\/en\\\/\"},{\"@type\":\"ListItem\",\"position\":2,\"name\":\"The collection\"}]},{\"@type\":\"WebSite\",\"@id\":\"https:\\\/\\\/www.ralph-m.fr\\\/#website\",\"url\":\"https:\\\/\\\/www.ralph-m.fr\\\/\",\"name\":\"Ralph M.\",\"description\":\"canap\u00e9s, fauteuils, fauteuils clubs, tables basses fabriqu\u00e9s en France\",\"publisher\":{\"@id\":\"https:\\\/\\\/www.ralph-m.fr\\\/#organization\"},\"potentialAction\":[{\"@type\":\"SearchAction\",\"target\":{\"@type\":\"EntryPoint\",\"urlTemplate\":\"https:\\\/\\\/www.ralph-m.fr\\\/?s={search_term_string}\"},\"query-input\":{\"@type\":\"PropertyValueSpecification\",\"valueRequired\":true,\"valueName\":\"search_term_string\"}}],\"inLanguage\":\"en-US\"},{\"@type\":\"Organization\",\"@id\":\"https:\\\/\\\/www.ralph-m.fr\\\/#organization\",\"name\":\"Ralph M.\",\"url\":\"https:\\\/\\\/www.ralph-m.fr\\\/\",\"logo\":{\"@type\":\"ImageObject\",\"inLanguage\":\"en-US\",\"@id\":\"https:\\\/\\\/www.ralph-m.fr\\\/#\\\/schema\\\/logo\\\/image\\\/\",\"url\":\"https:\\\/\\\/www.ralph-m.fr\\\/wp-content\\\/uploads\\\/2021\\\/12\\\/logo_header.png\",\"contentUrl\":\"https:\\\/\\\/www.ralph-m.fr\\\/wp-content\\\/uploads\\\/2021\\\/12\\\/logo_header.png\",\"width\":86,\"height\":69,\"caption\":\"Ralph M.\"},\"image\":{\"@id\":\"https:\\\/\\\/www.ralph-m.fr\\\/#\\\/schema\\\/logo\\\/image\\\/\"},\"sameAs\":[\"https:\\\/\\\/www.facebook.com\\\/ralphM49330\\\/\",\"https:\\\/\\\/www.instagram.com\\\/ralphm_france\\\/\"]}]}<\/script>\n<!-- \/ Yoast SEO plugin. -->","yoast_head_json":{"title":"Collection canap\u00e9s, canap\u00e9s-lits, fauteuils clubs, berg\u00e8res","description":"D\u00e9couvrez la collection Anjou Si\u00e8ges, cr\u00e9ateur de canap\u00e9s et fauteuils haut de gamme et personnalisables Made in France","robots":{"index":"index","follow":"follow","max-snippet":"max-snippet:-1","max-image-preview":"max-image-preview:large","max-video-preview":"max-video-preview:-1"},"canonical":"https:\/\/www.ralph-m.fr\/en\/collection\/","og_locale":"en_US","og_type":"article","og_title":"Collection canap\u00e9s, canap\u00e9s-lits, fauteuils clubs, berg\u00e8res","og_description":"D\u00e9couvrez la collection Anjou Si\u00e8ges, cr\u00e9ateur de canap\u00e9s et fauteuils haut de gamme et personnalisables Made in France","og_url":"https:\/\/www.ralph-m.fr\/en\/collection\/","og_site_name":"Ralph M.","article_publisher":"https:\/\/www.facebook.com\/ralphM49330\/","article_modified_time":"2020-03-02T14:09:06+00:00","og_image":[{"url":"http:\/\/preprod.ralph-m.fr\/wp-content\/uploads\/2020\/03\/page-collection-loft.jpg","type":"","width":"","height":""}],"twitter_misc":{"Est. reading time":"1 minute"},"schema":{"@context":"https:\/\/schema.org","@graph":[{"@type":"WebPage","@id":"https:\/\/www.ralph-m.fr\/en\/collection\/","url":"https:\/\/www.ralph-m.fr\/en\/collection\/","name":"Collection canap\u00e9s, canap\u00e9s-lits, fauteuils clubs, berg\u00e8res","isPartOf":{"@id":"https:\/\/www.ralph-m.fr\/#website"},"primaryImageOfPage":{"@id":"https:\/\/www.ralph-m.fr\/en\/collection\/#primaryimage"},"image":{"@id":"https:\/\/www.ralph-m.fr\/en\/collection\/#primaryimage"},"thumbnailUrl":"https:\/\/www.ralph-m.fr\/wp-content\/uploads\/2020\/03\/page-collection-loft.jpg","datePublished":"2013-03-19T16:02:29+00:00","dateModified":"2020-03-02T14:09:06+00:00","description":"D\u00e9couvrez la collection Anjou Si\u00e8ges, cr\u00e9ateur de canap\u00e9s et fauteuils haut de gamme et personnalisables Made in France","breadcrumb":{"@id":"https:\/\/www.ralph-m.fr\/en\/collection\/#breadcrumb"},"inLanguage":"en-US","potentialAction":[{"@type":"ReadAction","target":["https:\/\/www.ralph-m.fr\/en\/collection\/"]}]},{"@type":"ImageObject","inLanguage":"en-US","@id":"https:\/\/www.ralph-m.fr\/en\/collection\/#primaryimage","url":"https:\/\/www.ralph-m.fr\/wp-content\/uploads\/2020\/03\/page-collection-loft.jpg","contentUrl":"https:\/\/www.ralph-m.fr\/wp-content\/uploads\/2020\/03\/page-collection-loft.jpg"},{"@type":"BreadcrumbList","@id":"https:\/\/www.ralph-m.fr\/en\/collection\/#breadcrumb","itemListElement":[{"@type":"ListItem","position":1,"name":"Home","item":"https:\/\/www.ralph-m.fr\/en\/"},{"@type":"ListItem","position":2,"name":"The collection"}]},{"@type":"WebSite","@id":"https:\/\/www.ralph-m.fr\/#website","url":"https:\/\/www.ralph-m.fr\/","name":"Ralph M.","description":"canap\u00e9s, fauteuils, fauteuils clubs, tables basses fabriqu\u00e9s en France","publisher":{"@id":"https:\/\/www.ralph-m.fr\/#organization"},"potentialAction":[{"@type":"SearchAction","target":{"@type":"EntryPoint","urlTemplate":"https:\/\/www.ralph-m.fr\/?s={search_term_string}"},"query-input":{"@type":"PropertyValueSpecification","valueRequired":true,"valueName":"search_term_string"}}],"inLanguage":"en-US"},{"@type":"Organization","@id":"https:\/\/www.ralph-m.fr\/#organization","name":"Ralph M.","url":"https:\/\/www.ralph-m.fr\/","logo":{"@type":"ImageObject","inLanguage":"en-US","@id":"https:\/\/www.ralph-m.fr\/#\/schema\/logo\/image\/","url":"https:\/\/www.ralph-m.fr\/wp-content\/uploads\/2021\/12\/logo_header.png","contentUrl":"https:\/\/www.ralph-m.fr\/wp-content\/uploads\/2021\/12\/logo_header.png","width":86,"height":69,"caption":"Ralph M."},"image":{"@id":"https:\/\/www.ralph-m.fr\/#\/schema\/logo\/image\/"},"sameAs":["https:\/\/www.facebook.com\/ralphM49330\/","https:\/\/www.instagram.com\/ralphm_france\/"]}]}},"_links":{"self":[{"href":"https:\/\/www.ralph-m.fr\/en\/wp-json\/wp\/v2\/pages\/2211","targetHints":{"allow":["GET"]}}],"collection":[{"href":"https:\/\/www.ralph-m.fr\/en\/wp-json\/wp\/v2\/pages"}],"about":[{"href":"https:\/\/www.ralph-m.fr\/en\/wp-json\/wp\/v2\/types\/page"}],"author":[{"embeddable":true,"href":"https:\/\/www.ralph-m.fr\/en\/wp-json\/wp\/v2\/users\/3"}],"replies":[{"embeddable":true,"href":"https:\/\/www.ralph-m.fr\/en\/wp-json\/wp\/v2\/comments?post=2211"}],"version-history":[{"count":0,"href":"https:\/\/www.ralph-m.fr\/en\/wp-json\/wp\/v2\/pages\/2211\/revisions"}],"wp:attachment":[{"href":"https:\/\/www.ralph-m.fr\/en\/wp-json\/wp\/v2\/media?parent=2211"}],"curies":[{"name":"wp","href":"https:\/\/api.w.org\/{rel}","templated":true}]}}