

{"id":2182,"date":"2013-02-25T15:01:46","date_gmt":"2013-02-25T14:01:46","guid":{"rendered":"http:\/\/www.anjou-sieges.fr\/?page_id=2182"},"modified":"2026-01-09T15:15:57","modified_gmt":"2026-01-09T14:15:57","slug":"ralph-m","status":"publish","type":"page","link":"https:\/\/www.ralph-m.fr\/en\/ralph-m\/","title":{"rendered":"Ralph M., between the two of us, it\u2019s all about comfort."},"content":{"rendered":"\n<h2 class=\"wp-block-heading\">In its French workshop, Ralph M. creates and crafts personalisable top-quality sofas and armchairs. A bold challenge. And one achieved successfully for more than 30 years. The Ralph M. team fulfils the essential challenge of the Made in France label: guaranteed quality through the ability to combine the best materials with expertise and open-minded flexibility.<\/h2>\n\n\n\n<div style=\"height:30px\" aria-hidden=\"true\" class=\"wp-block-spacer\"><\/div>\n\n\n\n<div class=\"wp-block-columns is-layout-flex wp-container-core-columns-is-layout-9d6595d7 wp-block-columns-is-layout-flex\">\n<div class=\"wp-block-column is-layout-flow wp-block-column-is-layout-flow\">\n<h3 class=\"wp-block-heading\">Style and bold design.<\/h3>\n\n\n\n<p>Our stylists take inspiration from the latest trends in home decoration. <strong>Every sofa and armchair they design is the focus of a permanent commitment to beauty and comfort.<\/strong> Contemporary, Classic or <a href=\"https:\/\/www.ralph-m.fr\/en\/ralph-m-club-chair-designer\/\">Club<\/a>, our furniture challenges conventional wisdom with its subtle interplay of textures and prints. <a href=\"https:\/\/www.ralph-m.fr\/en\/collection-2\/\">View the collection<\/a><\/p>\n\n\n\n<figure class=\"wp-block-image size-full\"><img loading=\"lazy\" decoding=\"async\" width=\"1290\" height=\"1595\" src=\"https:\/\/www.ralph-m.fr\/wp-content\/uploads\/2026\/01\/RalphM-canape.jpg\" alt=\"Canap\u00e9s Ralph M.\" class=\"wp-image-411518\" srcset=\"https:\/\/www.ralph-m.fr\/wp-content\/uploads\/2026\/01\/RalphM-canape.jpg 1290w, https:\/\/www.ralph-m.fr\/wp-content\/uploads\/2026\/01\/RalphM-canape-490x606.jpg 490w, https:\/\/www.ralph-m.fr\/wp-content\/uploads\/2026\/01\/RalphM-canape-971x1200.jpg 971w, https:\/\/www.ralph-m.fr\/wp-content\/uploads\/2026\/01\/RalphM-canape-768x950.jpg 768w, https:\/\/www.ralph-m.fr\/wp-content\/uploads\/2026\/01\/RalphM-canape-1242x1536.jpg 1242w\" sizes=\"auto, (max-width: 1290px) 100vw, 1290px\" \/><\/figure>\n\n\n\n<h3 class=\"wp-block-heading\">Specialist expertise and the finest materials.<\/h3>\n\n\n\n<p>Quality demands expertise, and expertise is the product of long experience and passion.<strong> Every stage in the production of our furniture is entrusted to a specialist expert in his or her art.<\/strong> Precise, patient and exacting, they work with the finest woods, fabrics and leathers to create a perfect and durable finished piece.&nbsp;<a href=\"https:\/\/www.ralph-m.fr\/en\/expertise\/\">The expertise of Ralph M.<\/a><\/p>\n\n\n\n<h3 class=\"wp-block-heading\">A close relationship at every stage.<\/h3>\n\n\n\n<p>We believe in human relationships and interaction. Our beech wood frames are crafted by joiners in Anjou and the Vosges. The frames they produce are stored in our warehouse at Mir\u00e9 in the Maine et Loire region of France before moving through the full sequence of craft trades: varnishers, saddlers, padding specialists, cutters and upholsterers.<br>All work together in the same location, contributing their individual skills to meet your expectations.&nbsp;<a href=\"https:\/\/www.ralph-m.fr\/en\/made-france-sofas\/\">Sofas Made in France<\/a><\/p>\n\n\n\n<div class=\"wp-block-buttons bt_page_gris_wrap is-layout-flex wp-block-buttons-is-layout-flex\">\n<div class=\"wp-block-button bt_page_gris\" id=\"bt_gris1\"><a class=\"wp-block-button__link no-border-radius\" href=\"\/en\/?page_id=2214\">MADE IN FRANCE<\/a><\/div>\n\n\n\n<div class=\"wp-block-button bt_page_gris\" id=\"bt_gris3\"><a class=\"wp-block-button__link no-border-radius\" href=\"\/en\/?page_id=2198\">PERSONALISE YOUR SOFA<\/a><\/div>\n<\/div>\n\n\n\n<p><\/p>\n<\/div>\n\n\n\n<div class=\"wp-block-column is-layout-flow wp-block-column-is-layout-flow\">\n<h3 class=\"wp-block-heading\">Our extensive network of partner stores<br>means that there\u2019s sure to be one near you.<\/h3>\n\n\n\n<p>The professional advisers in our outlets in France and abroad (Belgium, Luxembourg and Israel) offer you a broad range of options to add the perfect finishing touches to your home with precisely the right look and level of comfort you demand.&nbsp;<a href=\"https:\/\/www.ralph-m.fr\/en\/find-nearest-store\/\">Find your nearest store.<\/a><\/p>\n\n\n\n<h3 class=\"wp-block-heading\">Hospitality &amp; Contracts<\/h3>\n\n\n\n<p>We also offer a bespoke service for hotel contracts and other hospitality projects. The Ralph-M collection can be personalized to meet interior designers and architects requirements. <a href=\"https:\/\/www.ralph-m.fr\/en\/hospitality-contracts\/\">View Hospitality &amp; Contracts.<\/a><\/p>\n\n\n\n<figure class=\"wp-block-image size-full\"><img loading=\"lazy\" decoding=\"async\" width=\"1536\" height=\"2048\" src=\"https:\/\/www.ralph-m.fr\/wp-content\/uploads\/2026\/01\/RalphM-canapes.jpg\" alt=\"Canap\u00e9s Ralph M.\" class=\"wp-image-411520\" srcset=\"https:\/\/www.ralph-m.fr\/wp-content\/uploads\/2026\/01\/RalphM-canapes.jpg 1536w, https:\/\/www.ralph-m.fr\/wp-content\/uploads\/2026\/01\/RalphM-canapes-490x653.jpg 490w, https:\/\/www.ralph-m.fr\/wp-content\/uploads\/2026\/01\/RalphM-canapes-900x1200.jpg 900w, https:\/\/www.ralph-m.fr\/wp-content\/uploads\/2026\/01\/RalphM-canapes-768x1024.jpg 768w, https:\/\/www.ralph-m.fr\/wp-content\/uploads\/2026\/01\/RalphM-canapes-1152x1536.jpg 1152w\" sizes=\"auto, (max-width: 1536px) 100vw, 1536px\" \/><\/figure>\n\n\n\n<h3 class=\"wp-block-heading\">RALPH M., a new collection with its own distinct identity.<\/h3>\n\n\n\n<p>For more than 30 years, Ralph M. has used its expertise and attention to detail in creating pieces that draw on the latest trends in furniture. But we also enjoy exercising our own bold originality. In fact, we like it so much that we always want to go further in asserting our unique aesthetic.<\/p>\n\n\n\n<p>The new RALPH M. range embodies our desire to take creative risks and enhance the standard pieces of the furniture repertoire by revisiting them.<\/p>\n\n\n\n<p>We believe that design is as valid an artistic expression as literature, painting and music. The RALPH M. brand makes everything possible. It is in many ways our laboratory in which luxury, comfort and good design come together to create timeless pieces with their own distinct identity.<\/p>\n<\/div>\n<\/div>\n","protected":false},"excerpt":{"rendered":"<p>In its French workshop, Ralph M. creates and crafts personalisable top-quality sofas and armchairs. A bold challenge. And one achieved&#8230; <a><\/a><\/p>\n","protected":false},"author":3,"featured_media":0,"parent":0,"menu_order":0,"comment_status":"closed","ping_status":"closed","template":"","meta":{"_acf_changed":false,"footnotes":""},"class_list":["post-2182","page","type-page","status-publish","hentry"],"acf":[],"yoast_head":"<!-- This site is optimized with the Yoast SEO plugin v27.3 - https:\/\/yoast.com\/product\/yoast-seo-wordpress\/ -->\n<title>Ralph M., cr\u00e9ateur et fabricant de canap\u00e9 et fauteuil Made in France<\/title>\n<meta name=\"description\" content=\"Ralph M. cr\u00e9e et fabrique des canap\u00e9s, fauteuils et tables basses dans son atelier du Maine et Loire (49)\" \/>\n<meta name=\"robots\" content=\"index, follow, max-snippet:-1, max-image-preview:large, max-video-preview:-1\" \/>\n<link rel=\"canonical\" href=\"https:\/\/www.ralph-m.fr\/en\/ralph-m\/\" \/>\n<meta property=\"og:locale\" content=\"en_US\" \/>\n<meta property=\"og:type\" content=\"article\" \/>\n<meta property=\"og:title\" content=\"Ralph M., cr\u00e9ateur et fabricant de canap\u00e9 et fauteuil Made in France\" \/>\n<meta property=\"og:description\" content=\"Ralph M. cr\u00e9e et fabrique des canap\u00e9s, fauteuils et tables basses dans son atelier du Maine et Loire (49)\" \/>\n<meta property=\"og:url\" content=\"https:\/\/www.ralph-m.fr\/en\/ralph-m\/\" \/>\n<meta property=\"og:site_name\" content=\"Ralph M.\" \/>\n<meta property=\"article:publisher\" content=\"https:\/\/www.facebook.com\/ralphM49330\/\" \/>\n<meta property=\"article:modified_time\" content=\"2026-01-09T14:15:57+00:00\" \/>\n<meta property=\"og:image\" content=\"https:\/\/www.ralph-m.fr\/wp-content\/uploads\/2026\/01\/RalphM-canape.jpg\" \/>\n\t<meta property=\"og:image:width\" content=\"1290\" \/>\n\t<meta property=\"og:image:height\" content=\"1595\" \/>\n\t<meta property=\"og:image:type\" content=\"image\/jpeg\" \/>\n<meta name=\"twitter:label1\" content=\"Est. reading time\" \/>\n\t<meta name=\"twitter:data1\" content=\"6 minutes\" \/>\n<script type=\"application\/ld+json\" class=\"yoast-schema-graph\">{\"@context\":\"https:\\\/\\\/schema.org\",\"@graph\":[{\"@type\":\"WebPage\",\"@id\":\"https:\\\/\\\/www.ralph-m.fr\\\/en\\\/ralph-m\\\/\",\"url\":\"https:\\\/\\\/www.ralph-m.fr\\\/en\\\/ralph-m\\\/\",\"name\":\"Ralph M., cr\u00e9ateur et fabricant de canap\u00e9 et fauteuil Made in France\",\"isPartOf\":{\"@id\":\"https:\\\/\\\/www.ralph-m.fr\\\/#website\"},\"primaryImageOfPage\":{\"@id\":\"https:\\\/\\\/www.ralph-m.fr\\\/en\\\/ralph-m\\\/#primaryimage\"},\"image\":{\"@id\":\"https:\\\/\\\/www.ralph-m.fr\\\/en\\\/ralph-m\\\/#primaryimage\"},\"thumbnailUrl\":\"https:\\\/\\\/www.ralph-m.fr\\\/wp-content\\\/uploads\\\/2026\\\/01\\\/RalphM-canape.jpg\",\"datePublished\":\"2013-02-25T14:01:46+00:00\",\"dateModified\":\"2026-01-09T14:15:57+00:00\",\"description\":\"Ralph M. cr\u00e9e et fabrique des canap\u00e9s, fauteuils et tables basses dans son atelier du Maine et Loire (49)\",\"breadcrumb\":{\"@id\":\"https:\\\/\\\/www.ralph-m.fr\\\/en\\\/ralph-m\\\/#breadcrumb\"},\"inLanguage\":\"en-US\",\"potentialAction\":[{\"@type\":\"ReadAction\",\"target\":[\"https:\\\/\\\/www.ralph-m.fr\\\/en\\\/ralph-m\\\/\"]}]},{\"@type\":\"ImageObject\",\"inLanguage\":\"en-US\",\"@id\":\"https:\\\/\\\/www.ralph-m.fr\\\/en\\\/ralph-m\\\/#primaryimage\",\"url\":\"https:\\\/\\\/www.ralph-m.fr\\\/wp-content\\\/uploads\\\/2026\\\/01\\\/RalphM-canape.jpg\",\"contentUrl\":\"https:\\\/\\\/www.ralph-m.fr\\\/wp-content\\\/uploads\\\/2026\\\/01\\\/RalphM-canape.jpg\"},{\"@type\":\"BreadcrumbList\",\"@id\":\"https:\\\/\\\/www.ralph-m.fr\\\/en\\\/ralph-m\\\/#breadcrumb\",\"itemListElement\":[{\"@type\":\"ListItem\",\"position\":1,\"name\":\"Home\",\"item\":\"https:\\\/\\\/www.ralph-m.fr\\\/en\\\/\"},{\"@type\":\"ListItem\",\"position\":2,\"name\":\"Ralph M., between the two of us, it\u2019s all about comfort.\"}]},{\"@type\":\"WebSite\",\"@id\":\"https:\\\/\\\/www.ralph-m.fr\\\/#website\",\"url\":\"https:\\\/\\\/www.ralph-m.fr\\\/\",\"name\":\"Ralph M.\",\"description\":\"canap\u00e9s, fauteuils, fauteuils clubs, tables basses fabriqu\u00e9s en France\",\"publisher\":{\"@id\":\"https:\\\/\\\/www.ralph-m.fr\\\/#organization\"},\"potentialAction\":[{\"@type\":\"SearchAction\",\"target\":{\"@type\":\"EntryPoint\",\"urlTemplate\":\"https:\\\/\\\/www.ralph-m.fr\\\/?s={search_term_string}\"},\"query-input\":{\"@type\":\"PropertyValueSpecification\",\"valueRequired\":true,\"valueName\":\"search_term_string\"}}],\"inLanguage\":\"en-US\"},{\"@type\":\"Organization\",\"@id\":\"https:\\\/\\\/www.ralph-m.fr\\\/#organization\",\"name\":\"Ralph M.\",\"url\":\"https:\\\/\\\/www.ralph-m.fr\\\/\",\"logo\":{\"@type\":\"ImageObject\",\"inLanguage\":\"en-US\",\"@id\":\"https:\\\/\\\/www.ralph-m.fr\\\/#\\\/schema\\\/logo\\\/image\\\/\",\"url\":\"https:\\\/\\\/www.ralph-m.fr\\\/wp-content\\\/uploads\\\/2021\\\/12\\\/logo_header.png\",\"contentUrl\":\"https:\\\/\\\/www.ralph-m.fr\\\/wp-content\\\/uploads\\\/2021\\\/12\\\/logo_header.png\",\"width\":86,\"height\":69,\"caption\":\"Ralph M.\"},\"image\":{\"@id\":\"https:\\\/\\\/www.ralph-m.fr\\\/#\\\/schema\\\/logo\\\/image\\\/\"},\"sameAs\":[\"https:\\\/\\\/www.facebook.com\\\/ralphM49330\\\/\",\"https:\\\/\\\/www.instagram.com\\\/ralphm_france\\\/\"]}]}<\/script>\n<!-- \/ Yoast SEO plugin. -->","yoast_head_json":{"title":"Ralph M., cr\u00e9ateur et fabricant de canap\u00e9 et fauteuil Made in France","description":"Ralph M. cr\u00e9e et fabrique des canap\u00e9s, fauteuils et tables basses dans son atelier du Maine et Loire (49)","robots":{"index":"index","follow":"follow","max-snippet":"max-snippet:-1","max-image-preview":"max-image-preview:large","max-video-preview":"max-video-preview:-1"},"canonical":"https:\/\/www.ralph-m.fr\/en\/ralph-m\/","og_locale":"en_US","og_type":"article","og_title":"Ralph M., cr\u00e9ateur et fabricant de canap\u00e9 et fauteuil Made in France","og_description":"Ralph M. cr\u00e9e et fabrique des canap\u00e9s, fauteuils et tables basses dans son atelier du Maine et Loire (49)","og_url":"https:\/\/www.ralph-m.fr\/en\/ralph-m\/","og_site_name":"Ralph M.","article_publisher":"https:\/\/www.facebook.com\/ralphM49330\/","article_modified_time":"2026-01-09T14:15:57+00:00","og_image":[{"width":1290,"height":1595,"url":"https:\/\/www.ralph-m.fr\/wp-content\/uploads\/2026\/01\/RalphM-canape.jpg","type":"image\/jpeg"}],"twitter_misc":{"Est. reading time":"6 minutes"},"schema":{"@context":"https:\/\/schema.org","@graph":[{"@type":"WebPage","@id":"https:\/\/www.ralph-m.fr\/en\/ralph-m\/","url":"https:\/\/www.ralph-m.fr\/en\/ralph-m\/","name":"Ralph M., cr\u00e9ateur et fabricant de canap\u00e9 et fauteuil Made in France","isPartOf":{"@id":"https:\/\/www.ralph-m.fr\/#website"},"primaryImageOfPage":{"@id":"https:\/\/www.ralph-m.fr\/en\/ralph-m\/#primaryimage"},"image":{"@id":"https:\/\/www.ralph-m.fr\/en\/ralph-m\/#primaryimage"},"thumbnailUrl":"https:\/\/www.ralph-m.fr\/wp-content\/uploads\/2026\/01\/RalphM-canape.jpg","datePublished":"2013-02-25T14:01:46+00:00","dateModified":"2026-01-09T14:15:57+00:00","description":"Ralph M. cr\u00e9e et fabrique des canap\u00e9s, fauteuils et tables basses dans son atelier du Maine et Loire (49)","breadcrumb":{"@id":"https:\/\/www.ralph-m.fr\/en\/ralph-m\/#breadcrumb"},"inLanguage":"en-US","potentialAction":[{"@type":"ReadAction","target":["https:\/\/www.ralph-m.fr\/en\/ralph-m\/"]}]},{"@type":"ImageObject","inLanguage":"en-US","@id":"https:\/\/www.ralph-m.fr\/en\/ralph-m\/#primaryimage","url":"https:\/\/www.ralph-m.fr\/wp-content\/uploads\/2026\/01\/RalphM-canape.jpg","contentUrl":"https:\/\/www.ralph-m.fr\/wp-content\/uploads\/2026\/01\/RalphM-canape.jpg"},{"@type":"BreadcrumbList","@id":"https:\/\/www.ralph-m.fr\/en\/ralph-m\/#breadcrumb","itemListElement":[{"@type":"ListItem","position":1,"name":"Home","item":"https:\/\/www.ralph-m.fr\/en\/"},{"@type":"ListItem","position":2,"name":"Ralph M., between the two of us, it\u2019s all about comfort."}]},{"@type":"WebSite","@id":"https:\/\/www.ralph-m.fr\/#website","url":"https:\/\/www.ralph-m.fr\/","name":"Ralph M.","description":"canap\u00e9s, fauteuils, fauteuils clubs, tables basses fabriqu\u00e9s en France","publisher":{"@id":"https:\/\/www.ralph-m.fr\/#organization"},"potentialAction":[{"@type":"SearchAction","target":{"@type":"EntryPoint","urlTemplate":"https:\/\/www.ralph-m.fr\/?s={search_term_string}"},"query-input":{"@type":"PropertyValueSpecification","valueRequired":true,"valueName":"search_term_string"}}],"inLanguage":"en-US"},{"@type":"Organization","@id":"https:\/\/www.ralph-m.fr\/#organization","name":"Ralph M.","url":"https:\/\/www.ralph-m.fr\/","logo":{"@type":"ImageObject","inLanguage":"en-US","@id":"https:\/\/www.ralph-m.fr\/#\/schema\/logo\/image\/","url":"https:\/\/www.ralph-m.fr\/wp-content\/uploads\/2021\/12\/logo_header.png","contentUrl":"https:\/\/www.ralph-m.fr\/wp-content\/uploads\/2021\/12\/logo_header.png","width":86,"height":69,"caption":"Ralph M."},"image":{"@id":"https:\/\/www.ralph-m.fr\/#\/schema\/logo\/image\/"},"sameAs":["https:\/\/www.facebook.com\/ralphM49330\/","https:\/\/www.instagram.com\/ralphm_france\/"]}]}},"_links":{"self":[{"href":"https:\/\/www.ralph-m.fr\/en\/wp-json\/wp\/v2\/pages\/2182","targetHints":{"allow":["GET"]}}],"collection":[{"href":"https:\/\/www.ralph-m.fr\/en\/wp-json\/wp\/v2\/pages"}],"about":[{"href":"https:\/\/www.ralph-m.fr\/en\/wp-json\/wp\/v2\/types\/page"}],"author":[{"embeddable":true,"href":"https:\/\/www.ralph-m.fr\/en\/wp-json\/wp\/v2\/users\/3"}],"replies":[{"embeddable":true,"href":"https:\/\/www.ralph-m.fr\/en\/wp-json\/wp\/v2\/comments?post=2182"}],"version-history":[{"count":10,"href":"https:\/\/www.ralph-m.fr\/en\/wp-json\/wp\/v2\/pages\/2182\/revisions"}],"predecessor-version":[{"id":411524,"href":"https:\/\/www.ralph-m.fr\/en\/wp-json\/wp\/v2\/pages\/2182\/revisions\/411524"}],"wp:attachment":[{"href":"https:\/\/www.ralph-m.fr\/en\/wp-json\/wp\/v2\/media?parent=2182"}],"curies":[{"name":"wp","href":"https:\/\/api.w.org\/{rel}","templated":true}]}}